{"id":1885,"date":"2024-04-24T12:42:21","date_gmt":"2024-04-24T12:42:21","guid":{"rendered":"https:\/\/www.schulmeisterhof.com\/?page_id=1885"},"modified":"2024-12-20T09:25:52","modified_gmt":"2024-12-20T09:25:52","slug":"colophon","status":"publish","type":"page","link":"https:\/\/www.schulmeisterhof.com\/it\/colophon\/","title":{"rendered":"Colophon"},"content":{"rendered":"\t\t<div data-elementor-type=\"wp-page\" data-elementor-id=\"1885\" class=\"elementor elementor-1885 elementor-136\" data-elementor-post-type=\"page\">\n\t\t\t\t<div class=\"elementor-element elementor-element-13355cd1 e-con-full e-flex e-con e-parent\" data-id=\"13355cd1\" data-element_type=\"container\">\n\t\t\t\t<div class=\"elementor-element elementor-element-5a624e69 pfeillinksunten elementor-skin-carousel elementor-widget elementor-widget-media-carousel\" data-id=\"5a624e69\" data-element_type=\"widget\" data-settings=\"{&quot;slides_per_view&quot;:&quot;1&quot;,&quot;slides_per_view_widescreen&quot;:&quot;1&quot;,&quot;slides_per_view_laptop&quot;:&quot;1&quot;,&quot;slides_per_view_tablet_extra&quot;:&quot;1&quot;,&quot;slides_per_view_tablet&quot;:&quot;1&quot;,&quot;slides_per_view_mobile_extra&quot;:&quot;1&quot;,&quot;skin&quot;:&quot;carousel&quot;,&quot;effect&quot;:&quot;slide&quot;,&quot;speed&quot;:500,&quot;autoplay&quot;:&quot;yes&quot;,&quot;autoplay_speed&quot;:5000,&quot;loop&quot;:&quot;yes&quot;,&quot;pause_on_hover&quot;:&quot;yes&quot;,&quot;pause_on_interaction&quot;:&quot;yes&quot;,&quot;space_between&quot;:{&quot;unit&quot;:&quot;px&quot;,&quot;size&quot;:10,&quot;sizes&quot;:[]},&quot;space_between_widescreen&quot;:{&quot;unit&quot;:&quot;px&quot;,&quot;size&quot;:10,&quot;sizes&quot;:[]},&quot;space_between_laptop&quot;:{&quot;unit&quot;:&quot;px&quot;,&quot;size&quot;:10,&quot;sizes&quot;:[]},&quot;space_between_tablet_extra&quot;:{&quot;unit&quot;:&quot;px&quot;,&quot;size&quot;:10,&quot;sizes&quot;:[]},&quot;space_between_tablet&quot;:{&quot;unit&quot;:&quot;px&quot;,&quot;size&quot;:10,&quot;sizes&quot;:[]},&quot;space_between_mobile_extra&quot;:{&quot;unit&quot;:&quot;px&quot;,&quot;size&quot;:10,&quot;sizes&quot;:[]},&quot;space_between_mobile&quot;:{&quot;unit&quot;:&quot;px&quot;,&quot;size&quot;:10,&quot;sizes&quot;:[]}}\" data-widget_type=\"media-carousel.default\">\n\t\t\t\t<div class=\"elementor-widget-container\">\n\t\t\t<link rel=\"stylesheet\" href=\"https:\/\/www.schulmeisterhof.com\/wp-content\/plugins\/elementor-pro\/assets\/css\/widget-carousel.min.css\">\t\t<div class=\"elementor-swiper\">\n\t\t\t<div class=\"elementor-main-swiper swiper\">\n\t\t\t\t<div class=\"swiper-wrapper\">\n\t\t\t\t\t\t\t\t\t\t\t<div class=\"swiper-slide\">\n\t\t\t\t\t\t\t\t\t<div class=\"elementor-carousel-image\" role=\"img\" aria-label=\"Schneeschuhwandern Seiser Alm\" style=\"background-image: url(&#039;https:\/\/www.schulmeisterhof.com\/wp-content\/uploads\/2024\/05\/Seiser-Alm-Marketing_Werner-Dejori-13.jpg&#039;)\">\n\n\t\t\t\n\t\t\t\t\t<\/div>\n\t\t\t\t\t\t\t\t<\/div>\n\t\t\t\t\t\t\t\t\t<\/div>\n\t\t\t\t\t\t\t<\/div>\n\t\t<\/div>\n\t\t\t\t<\/div>\n\t\t\t\t<\/div>\n\t\t\t\t<\/div>\n\t\t<div class=\"elementor-element elementor-element-7f83fbc7 e-con-full brownlink e-flex e-con e-parent\" data-id=\"7f83fbc7\" data-element_type=\"container\" data-settings=\"{&quot;background_background&quot;:&quot;classic&quot;}\">\n\t\t\t\t<div class=\"elementor-element elementor-element-1008b785 elementor-widget elementor-widget-heading\" data-id=\"1008b785\" data-element_type=\"widget\" data-widget_type=\"heading.default\">\n\t\t\t\t<div class=\"elementor-widget-container\">\n\t\t\t<style>\/*! elementor - v3.22.0 - 26-06-2024 *\/\n.elementor-heading-title{padding:0;margin:0;line-height:1}.elementor-widget-heading .elementor-heading-title[class*=elementor-size-]>a{color:inherit;font-size:inherit;line-height:inherit}.elementor-widget-heading .elementor-heading-title.elementor-size-small{font-size:15px}.elementor-widget-heading .elementor-heading-title.elementor-size-medium{font-size:19px}.elementor-widget-heading .elementor-heading-title.elementor-size-large{font-size:29px}.elementor-widget-heading .elementor-heading-title.elementor-size-xl{font-size:39px}.elementor-widget-heading .elementor-heading-title.elementor-size-xxl{font-size:59px}<\/style><h1 class=\"elementor-heading-title elementor-size-default\">Colophon<\/h1>\t\t<\/div>\n\t\t\t\t<\/div>\n\t\t\t\t<div class=\"elementor-element elementor-element-5b2e8a9d elementor-widget elementor-widget-text-editor\" data-id=\"5b2e8a9d\" data-element_type=\"widget\" data-widget_type=\"text-editor.default\">\n\t\t\t\t<div class=\"elementor-widget-container\">\n\t\t\t<style>\/*! elementor - v3.22.0 - 26-06-2024 *\/\n.elementor-widget-text-editor.elementor-drop-cap-view-stacked .elementor-drop-cap{background-color:#69727d;color:#fff}.elementor-widget-text-editor.elementor-drop-cap-view-framed .elementor-drop-cap{color:#69727d;border:3px solid;background-color:transparent}.elementor-widget-text-editor:not(.elementor-drop-cap-view-default) .elementor-drop-cap{margin-top:8px}.elementor-widget-text-editor:not(.elementor-drop-cap-view-default) .elementor-drop-cap-letter{width:1em;height:1em}.elementor-widget-text-editor .elementor-drop-cap{float:left;text-align:center;line-height:1;font-size:50px}.elementor-widget-text-editor .elementor-drop-cap-letter{display:inline-block}<\/style>\t\t\t\t<div><strong>Schulmeisterhof<\/strong><\/div><div><div>Via Panider 11<br \/>39040 Castelrotto<\/div><div><a href=\"tel:393427592639\">Tel. +39 342 759 2639<\/a><br \/><a href=\"mailto:info@schulmeisterhof.com\">info@schulmeisterhof.com<\/a><\/div><div>\u00a0<\/div><div>Codice Destinatario: 7035UR5<br \/><a href=\"http:\/\/www.schulmeisterhof.com\">www.schulmeisterhof.com<\/a><br \/>Cod. Fisc. 03094490210<br \/>Camera di commercio: Bolzano<br \/>Numero iscrizione camera di commercio:<br \/>Numero REA:\u00a0<\/div><div>CIN (Codice Identificativo Nazionale): IT021019B5SEYLLLZS<\/div><div>\u00a0<\/div><p><strong>Copyright per le immagini e grafiche utilizzate:<\/strong><\/p><ul><li>Tobias Kaser<\/li><li>Seiser Alm Marketing\/Helmuth Rier<\/li><li>Seiser Alm Marketing\/Werner Dejori<\/li><li>Seiser Alm Marketing\/Manuel Kottersteger<\/li><li>Seiser Alm Marketing\/Patrick Schwienbacher<\/li><li>Seiser Alm Marketing\/F-Tech<\/li><li>Seiser Alm Marketing\/Armin Mayr<\/li><li>Dolomiti Superski\/Harald Wisthaler<\/li><li>IDM S\u00fcdtirol\/Fabian Leitner<\/li><li>IDM S\u00fcdtirol-Alto Adige\/Harald Wisthaler<\/li><li>IDM S\u00fcdtirolAlto Adige\/Fabian Leitner<\/li><li>IDM S\u00fcdtirol-Alto Adige\/Armin Huber<\/li><li>IDM S\u00fcdtirol-Alto Adige\/Alex Filz<\/li><li>IDM S\u00fcdtirol-Alto Adige\/Andreas Mierswa<\/li><li>S\u00fcdtiroler Arch\u00e4ologiemuseum\/foto-dpi.com<\/li><li>Bild von <a href=\"https:\/\/pixabay.com\/de\/users\/ralphs_fotos-1767157\/?utm_source=link-attribution&amp;utm_medium=referral&amp;utm_campaign=image&amp;utm_content=3607862\">Ralph<\/a> auf <a href=\"https:\/\/pixabay.com\/de\/?utm_source=link-attribution&amp;utm_medium=referral&amp;utm_campaign=image&amp;utm_content=3607862\">Pixabay<\/a><\/li><li>Bild von <a href=\"https:\/\/pixabay.com\/de\/users\/pixel-sepp-69900\/?utm_source=link-attribution&amp;utm_medium=referral&amp;utm_campaign=image&amp;utm_content=203460\">Christian B.<\/a> auf <a href=\"https:\/\/pixabay.com\/de\/?utm_source=link-attribution&amp;utm_medium=referral&amp;utm_campaign=image&amp;utm_content=203460\">Pixabay<\/a><\/li><li>Bild von <a href=\"https:\/\/pixabay.com\/de\/users\/165106-165106\/?utm_source=link-attribution&amp;utm_medium=referral&amp;utm_campaign=image&amp;utm_content=7863312\">165106<\/a> auf <a href=\"https:\/\/pixabay.com\/de\/?utm_source=link-attribution&amp;utm_medium=referral&amp;utm_campaign=image&amp;utm_content=7863312\">Pixabay<\/a><\/li><li>Bild von <a href=\"https:\/\/pixabay.com\/de\/users\/kathas_fotos-11174123\/?utm_source=link-attribution&amp;utm_medium=referral&amp;utm_campaign=image&amp;utm_content=5566763\">Katharina N.<\/a> auf <a href=\"https:\/\/pixabay.com\/de\/?utm_source=link-attribution&amp;utm_medium=referral&amp;utm_campaign=image&amp;utm_content=5566763\">Pixabay<\/a><\/li><li>Bild von <a href=\"https:\/\/pixabay.com\/de\/users\/munzelminka-12142104\/?utm_source=link-attribution&amp;utm_medium=referral&amp;utm_campaign=image&amp;utm_content=6078279\">munzelminka<\/a> auf <a href=\"https:\/\/pixabay.com\/de\/?utm_source=link-attribution&amp;utm_medium=referral&amp;utm_campaign=image&amp;utm_content=6078279\">Pixabay<\/a><\/li><\/ul><p>\u00a0<\/p><p><strong>Risoluzione delle controversie<\/strong><\/p><p>Informazioni obbligatorie ai sensi del Regolamento UE n. 524\/2013 del Parlamento e Consiglio europeo. Piattaforma per la risoluzione online delle controversie (ODR) della Commissione europea: <a href=\"https:\/\/ec.europa.eu\/consumers\/odr\/main\/?event=main.trader.register\">https:\/\/ec.europa.eu\/consumers\/odr\/main\/?event=main.trader.register<\/a><\/p><p><strong>Concetto e realizzazione<\/strong><\/p><p>muwit d. sandra stablum<br \/>Citt\u00e1 Alta 60<br \/>39043 Chiusa<br \/>Tel. +39 347 1330206<br \/>Part. IVA 02730810211<br \/>Cod. fisc. STB SDR 88 A44 B160 S<br \/><a href=\"mailto:info@muwit.it\">info@muwit.it<\/a><br \/><a href=\"http:\/\/www.muwit.it\/\">www.muwit.it<\/a><\/p><p><strong>Responsabile per il contenuto:<\/strong><\/p><p>Doris Brunner<\/p><p><strong>Dichiarazione liberatoria:<\/strong><\/p><p><strong>Responsabilit\u00e0 per i contenuti<\/strong><\/p><p>I contenuti delle nostre pagine sono stati redatti, elaborati e controllati scrupolosamente. Tuttavia, non ci assumiamo nessuna responsabilit\u00e0 per la correttezza, qualit\u00e0, completezza e attualit\u00e0 dei contenuti, poich\u00e9 non \u00e8 da escludere che siano cambiati nel tempo. Come prestatori di servizi siamo responsabili per i contenuti di queste pagine in base alla normativa vigente. Nella nostra qualit\u00e0 di prestatori di servizi non siamo per\u00f2 obbligati a controllare l\u2019esattezza di informazioni ricevute o salvate da terzi, o a controllare se sussistano irregolarit\u00e0 che indichino un\u2019attivit\u00e0 illegale. L\u2019obbligo di rimuovere o bloccare l\u2019utilizzo di informazioni secondo la normativa vigente rimane valido. L\u2019assunzione di tale responsabilit\u00e0 \u00e8 tuttavia possibile solamente dopo il momento dell\u2019effettivo riconoscimento da parte nostra di una concreta violazione di diritto. Alla presa d\u2019atto di tali violazioni di legge provvederemo immediatamente alla rimozione dei contenuti in questione.<\/p><p>Si escludono di principio le rivendicazioni di responsabilit\u00e0 di qualsiasi tipo causate dall\u2019utilizzo di informazioni messe a disposizione, oppure da informazioni errate e\/o incomplete.<\/p><p><strong>Responsabilit\u00e0 per i link<\/strong><\/p><p>La nostra offerta contiene dei collegamenti ipertestuali con siti web esterni di terzi, sui cui contenuti non possiamo influire. Per questo motivo non forniamo nessuna garanzia sui contenuti dei siti web linkati, indipendentemente dal tipo e dalla natura. Ne \u00e8 responsabile solamente il relativo proprietario o gestore del sito. Un controllo permanente dei contenuti dei siti linkati al presente non \u00e8 fattibile senza concreti punti di riferimento. All\u2019avvenuta conoscenza d\u2019infrazioni contro la legge causate dai siti web linkati, i link in questione saranno subito rimossi.<\/p><p><strong>Copyright<\/strong><\/p><p>Tutti i contenuti e le opere creati dal web designer e dai gestori del sito sono protetti da copyright. La riproduzione, l\u2019alterazione, la distribuzione e qualsiasi forma di utilizzo, soprattutto per scopi commerciali, al di fuori dei limiti del diritto d\u2019autore, sono severamente vietate e ammesse esclusivamente previa autorizzazione scritta del relativo autore o creatore. Nel caso i contenuti di questa pagina non siano stati creati dal gestore, sono da rispettare i diritti di copyright di terzi. I contenuti redatti da terzi sono contrassegnati come tali. In caso doveste notare una violazione del copyright, vi preghiamo gentilmente di farci pervenire un\u2019apposita segnalazione. All\u2019atto di presa di conoscenza di tali violazioni di legge, i contenuti in questione saranno naturalmente rimossi subito, senza per\u00f2 assumerne nessuna responsabilit\u00e0.<\/p><\/div>\t\t\t\t\t\t<\/div>\n\t\t\t\t<\/div>\n\t\t\t\t<\/div>\n\t\t\t\t<\/div>\n\t\t","protected":false},"excerpt":{"rendered":"<p>Colophon SchulmeisterhofVia Panider 1139040 CastelrottoTel. +39 342 759 2639info@schulmeisterhof.com\u00a0Codice Destinatario: 7035UR5www.schulmeisterhof.comCod. Fisc. 03094490210Camera di commercio: BolzanoNumero iscrizione camera di commercio:Numero REA:\u00a0CIN (Codice Identificativo Nazionale): IT021019B5SEYLLLZS\u00a0 Copyright per le immagini e grafiche utilizzate: Tobias Kaser Seiser Alm Marketing\/Helmuth Rier Seiser Alm Marketing\/Werner Dejori Seiser Alm Marketing\/Manuel Kottersteger Seiser Alm Marketing\/Patrick Schwienbacher Seiser Alm Marketing\/F-Tech Seiser Alm [&hellip;]<\/p>\n","protected":false},"author":1,"featured_media":0,"parent":0,"menu_order":0,"comment_status":"closed","ping_status":"closed","template":"","meta":{"_acf_changed":false,"footnotes":""},"acf":[],"yoast_head":"<!-- This site is optimized with the Yoast SEO plugin v23.0 - https:\/\/yoast.com\/wordpress\/plugins\/seo\/ -->\n<title>Colophon - Schulmeisterhof<\/title>\n<meta name=\"description\" content=\"Colophon\" \/>\n<meta name=\"robots\" content=\"noindex, follow\" \/>\n<meta property=\"og:locale\" content=\"it_IT\" \/>\n<meta property=\"og:type\" content=\"article\" \/>\n<meta property=\"og:title\" content=\"Colophon - Schulmeisterhof\" \/>\n<meta property=\"og:description\" content=\"Colophon\" \/>\n<meta property=\"og:url\" content=\"https:\/\/www.schulmeisterhof.com\/it\/colophon\/\" \/>\n<meta property=\"og:site_name\" content=\"Schulmeisterhof\" \/>\n<meta property=\"article:modified_time\" content=\"2024-12-20T09:25:52+00:00\" \/>\n<meta name=\"twitter:card\" content=\"summary_large_image\" \/>\n<meta name=\"twitter:label1\" content=\"Tempo di lettura stimato\" \/>\n\t<meta name=\"twitter:data1\" content=\"4 minuti\" \/>\n<script type=\"application\/ld+json\" class=\"yoast-schema-graph\">{\"@context\":\"https:\/\/schema.org\",\"@graph\":[{\"@type\":\"WebPage\",\"@id\":\"https:\/\/www.schulmeisterhof.com\/it\/colophon\/\",\"url\":\"https:\/\/www.schulmeisterhof.com\/it\/colophon\/\",\"name\":\"Colophon - Schulmeisterhof\",\"isPartOf\":{\"@id\":\"https:\/\/www.schulmeisterhof.com\/it\/#website\"},\"datePublished\":\"2024-04-24T12:42:21+00:00\",\"dateModified\":\"2024-12-20T09:25:52+00:00\",\"description\":\"Colophon\",\"breadcrumb\":{\"@id\":\"https:\/\/www.schulmeisterhof.com\/it\/colophon\/#breadcrumb\"},\"inLanguage\":\"it-IT\",\"potentialAction\":[{\"@type\":\"ReadAction\",\"target\":[\"https:\/\/www.schulmeisterhof.com\/it\/colophon\/\"]}]},{\"@type\":\"BreadcrumbList\",\"@id\":\"https:\/\/www.schulmeisterhof.com\/it\/colophon\/#breadcrumb\",\"itemListElement\":[{\"@type\":\"ListItem\",\"position\":1,\"name\":\"Startseite\",\"item\":\"https:\/\/www.schulmeisterhof.com\/it\/\"},{\"@type\":\"ListItem\",\"position\":2,\"name\":\"Colophon\"}]},{\"@type\":\"WebSite\",\"@id\":\"https:\/\/www.schulmeisterhof.com\/it\/#website\",\"url\":\"https:\/\/www.schulmeisterhof.com\/it\/\",\"name\":\"Schulmeisterhof\",\"description\":\"\",\"publisher\":{\"@id\":\"https:\/\/www.schulmeisterhof.com\/it\/#organization\"},\"potentialAction\":[{\"@type\":\"SearchAction\",\"target\":{\"@type\":\"EntryPoint\",\"urlTemplate\":\"https:\/\/www.schulmeisterhof.com\/it\/?s={search_term_string}\"},\"query-input\":\"required name=search_term_string\"}],\"inLanguage\":\"it-IT\"},{\"@type\":\"Organization\",\"@id\":\"https:\/\/www.schulmeisterhof.com\/it\/#organization\",\"name\":\"Schulmeisterhof\",\"url\":\"https:\/\/www.schulmeisterhof.com\/it\/\",\"logo\":{\"@type\":\"ImageObject\",\"inLanguage\":\"it-IT\",\"@id\":\"https:\/\/www.schulmeisterhof.com\/it\/#\/schema\/logo\/image\/\",\"url\":\"https:\/\/www.schulmeisterhof.com\/wp-content\/uploads\/2024\/04\/Gruppe-13.svg\",\"contentUrl\":\"https:\/\/www.schulmeisterhof.com\/wp-content\/uploads\/2024\/04\/Gruppe-13.svg\",\"width\":329,\"height\":172,\"caption\":\"Schulmeisterhof\"},\"image\":{\"@id\":\"https:\/\/www.schulmeisterhof.com\/it\/#\/schema\/logo\/image\/\"}}]}<\/script>\n<!-- \/ Yoast SEO plugin. -->","yoast_head_json":{"title":"Colophon - Schulmeisterhof","description":"Colophon","robots":{"index":"noindex","follow":"follow"},"og_locale":"it_IT","og_type":"article","og_title":"Colophon - Schulmeisterhof","og_description":"Colophon","og_url":"https:\/\/www.schulmeisterhof.com\/it\/colophon\/","og_site_name":"Schulmeisterhof","article_modified_time":"2024-12-20T09:25:52+00:00","twitter_card":"summary_large_image","twitter_misc":{"Tempo di lettura stimato":"4 minuti"},"schema":{"@context":"https:\/\/schema.org","@graph":[{"@type":"WebPage","@id":"https:\/\/www.schulmeisterhof.com\/it\/colophon\/","url":"https:\/\/www.schulmeisterhof.com\/it\/colophon\/","name":"Colophon - Schulmeisterhof","isPartOf":{"@id":"https:\/\/www.schulmeisterhof.com\/it\/#website"},"datePublished":"2024-04-24T12:42:21+00:00","dateModified":"2024-12-20T09:25:52+00:00","description":"Colophon","breadcrumb":{"@id":"https:\/\/www.schulmeisterhof.com\/it\/colophon\/#breadcrumb"},"inLanguage":"it-IT","potentialAction":[{"@type":"ReadAction","target":["https:\/\/www.schulmeisterhof.com\/it\/colophon\/"]}]},{"@type":"BreadcrumbList","@id":"https:\/\/www.schulmeisterhof.com\/it\/colophon\/#breadcrumb","itemListElement":[{"@type":"ListItem","position":1,"name":"Startseite","item":"https:\/\/www.schulmeisterhof.com\/it\/"},{"@type":"ListItem","position":2,"name":"Colophon"}]},{"@type":"WebSite","@id":"https:\/\/www.schulmeisterhof.com\/it\/#website","url":"https:\/\/www.schulmeisterhof.com\/it\/","name":"Schulmeisterhof","description":"","publisher":{"@id":"https:\/\/www.schulmeisterhof.com\/it\/#organization"},"potentialAction":[{"@type":"SearchAction","target":{"@type":"EntryPoint","urlTemplate":"https:\/\/www.schulmeisterhof.com\/it\/?s={search_term_string}"},"query-input":"required name=search_term_string"}],"inLanguage":"it-IT"},{"@type":"Organization","@id":"https:\/\/www.schulmeisterhof.com\/it\/#organization","name":"Schulmeisterhof","url":"https:\/\/www.schulmeisterhof.com\/it\/","logo":{"@type":"ImageObject","inLanguage":"it-IT","@id":"https:\/\/www.schulmeisterhof.com\/it\/#\/schema\/logo\/image\/","url":"https:\/\/www.schulmeisterhof.com\/wp-content\/uploads\/2024\/04\/Gruppe-13.svg","contentUrl":"https:\/\/www.schulmeisterhof.com\/wp-content\/uploads\/2024\/04\/Gruppe-13.svg","width":329,"height":172,"caption":"Schulmeisterhof"},"image":{"@id":"https:\/\/www.schulmeisterhof.com\/it\/#\/schema\/logo\/image\/"}}]}},"_links":{"self":[{"href":"https:\/\/www.schulmeisterhof.com\/it\/wp-json\/wp\/v2\/pages\/1885"}],"collection":[{"href":"https:\/\/www.schulmeisterhof.com\/it\/wp-json\/wp\/v2\/pages"}],"about":[{"href":"https:\/\/www.schulmeisterhof.com\/it\/wp-json\/wp\/v2\/types\/page"}],"author":[{"embeddable":true,"href":"https:\/\/www.schulmeisterhof.com\/it\/wp-json\/wp\/v2\/users\/1"}],"replies":[{"embeddable":true,"href":"https:\/\/www.schulmeisterhof.com\/it\/wp-json\/wp\/v2\/comments?post=1885"}],"version-history":[{"count":0,"href":"https:\/\/www.schulmeisterhof.com\/it\/wp-json\/wp\/v2\/pages\/1885\/revisions"}],"wp:attachment":[{"href":"https:\/\/www.schulmeisterhof.com\/it\/wp-json\/wp\/v2\/media?parent=1885"}],"curies":[{"name":"wp","href":"https:\/\/api.w.org\/{rel}","templated":true}]}}